{"id":333,"date":"2019-08-15T07:29:14","date_gmt":"2019-08-15T05:29:14","guid":{"rendered":"http:\/\/www.flurkunst.de\/?page_id=333"},"modified":"2019-09-11T21:30:29","modified_gmt":"2019-09-11T19:30:29","slug":"aktueller-kuenstler","status":"publish","type":"page","link":"http:\/\/www.flurkunst.de\/?page_id=333","title":{"rendered":"Matthias Nentwich"},"content":{"rendered":"<p>Matthias Nentwich (Jahrgang 1977) ist Ingenieur. Am Fotografieren interessiert ihn besonders die technische Komponente. Brennweite, Belichtung, Sch\u00e4rfentiefe, Rauschen sind nur einige Stichworte, die f\u00fcr ihn dabei eine Rolle spielen.\u00a0 Ein besonderes Augenmerk legt Netwich auf die Nachbearbeitung. Hier kann er seine Stilkomponenten Licht, hohe Kontraste und HDR-Belichtungsreihen ausarbeiten.<\/p>\n<h2><span style=\"color: #333333;\">Die Ausstellung: Reisemomente<\/span><\/h2>\n<p>Mai 2019 bis September 2019<\/p>\n<p><a href=\"http:\/\/www.flurkunst.de\/wp-content\/uploads\/2019\/07\/Folie1-1.jpg\"><img loading=\"lazy\" class=\"alignleft wp-image-335\" src=\"http:\/\/www.flurkunst.de\/wp-content\/uploads\/2019\/07\/Folie1-1.jpg\" alt=\"\" width=\"321\" height=\"453\" srcset=\"http:\/\/www.flurkunst.de\/wp-content\/uploads\/2019\/07\/Folie1-1.jpg 720w, http:\/\/www.flurkunst.de\/wp-content\/uploads\/2019\/07\/Folie1-1-212x300.jpg 212w\" sizes=\"(max-width: 321px) 100vw, 321px\" \/><\/a><\/p>\n<p>Matthias Nentwich bereist einmal im Jahr Japan. Seine Liebe zu diesem au\u00dfergew\u00f6hnlichen Land erkl\u00e4rt er mit dessen besonderer Kultur aber auch der Einfachheit, die dort gelebt wird. Japaner w\u00fcrden es besonders gut verstehen, aus einfachen Dingen Sch\u00f6nes zu machen. Als Beispiel nennt er den Bonsai. In ihm zeige sich eine Konzentration auf das Wesentliche. Der Fokus werde auf eine bestimmte Sache gerichtet. Weniger die Quantit\u00e4t als vielmehr die Qualit\u00e4t stehe im Vordergrund.<\/p>\n<p>Besser kann man auch die Auswahl der Bilder in seiner Ausstellung der Galerie Flurkunst nicht beschreiben. Einzelne Motive aus Japan aber auch von anderen Reisen werden in den Fokus genommen und so bearbeitet, dass sie bestm\u00f6glich ins Licht ger\u00fcckt werden.<\/p>\n<p>&nbsp;<\/p>\n<h2><span style=\"color: #333333;\">Die Bilder (Auswahl)<br \/>\n<\/span><\/h2>\n<figure id=\"attachment_366\" class=\"thumbnail wp-caption aligncenter\" style=\"width: 522px\"><a href=\"http:\/\/www.flurkunst.de\/wp-content\/uploads\/2019\/08\/Hakodate.jpg\"><img loading=\"lazy\" class=\"wp-image-366\" src=\"http:\/\/www.flurkunst.de\/wp-content\/uploads\/2019\/08\/Hakodate-1024x683.jpg\" alt=\"\" width=\"512\" height=\"342\" srcset=\"http:\/\/www.flurkunst.de\/wp-content\/uploads\/2019\/08\/Hakodate-1024x683.jpg 1024w, http:\/\/www.flurkunst.de\/wp-content\/uploads\/2019\/08\/Hakodate-300x200.jpg 300w, http:\/\/www.flurkunst.de\/wp-content\/uploads\/2019\/08\/Hakodate-768x512.jpg 768w\" sizes=\"(max-width: 512px) 100vw, 512px\" \/><\/a><figcaption class=\"caption wp-caption-text\">Hakodate<\/figcaption><\/figure>\n<figure id=\"attachment_368\" class=\"thumbnail wp-caption aligncenter\" style=\"width: 467px\"><a href=\"http:\/\/www.flurkunst.de\/wp-content\/uploads\/2019\/08\/Sakura-2-Kirschblu\u0308te.jpg\"><img loading=\"lazy\" class=\"wp-image-368\" src=\"http:\/\/www.flurkunst.de\/wp-content\/uploads\/2019\/08\/Sakura-2-Kirschblu\u0308te-1024x683.jpg\" alt=\"\" width=\"457\" height=\"304\" srcset=\"http:\/\/www.flurkunst.de\/wp-content\/uploads\/2019\/08\/Sakura-2-Kirschblu\u0308te-1024x683.jpg 1024w, http:\/\/www.flurkunst.de\/wp-content\/uploads\/2019\/08\/Sakura-2-Kirschblu\u0308te-300x200.jpg 300w, http:\/\/www.flurkunst.de\/wp-content\/uploads\/2019\/08\/Sakura-2-Kirschblu\u0308te-768x512.jpg 768w\" sizes=\"(max-width: 457px) 100vw, 457px\" \/><\/a><figcaption class=\"caption wp-caption-text\">Sakura 2 (Kirschbl\u00fcte)<\/figcaption><\/figure>\n<figure id=\"attachment_369\" class=\"thumbnail wp-caption aligncenter\" style=\"width: 520px\"><a href=\"http:\/\/www.flurkunst.de\/wp-content\/uploads\/2019\/08\/Sapporo.jpeg\"><img loading=\"lazy\" class=\"wp-image-369\" src=\"http:\/\/www.flurkunst.de\/wp-content\/uploads\/2019\/08\/Sapporo-1024x576.jpeg\" alt=\"\" width=\"510\" height=\"287\" srcset=\"http:\/\/www.flurkunst.de\/wp-content\/uploads\/2019\/08\/Sapporo-1024x576.jpeg 1024w, http:\/\/www.flurkunst.de\/wp-content\/uploads\/2019\/08\/Sapporo-300x169.jpeg 300w, http:\/\/www.flurkunst.de\/wp-content\/uploads\/2019\/08\/Sapporo-768x432.jpeg 768w\" sizes=\"(max-width: 510px) 100vw, 510px\" \/><\/a><figcaption class=\"caption wp-caption-text\">Sapporo<\/figcaption><\/figure>\n<figure id=\"attachment_370\" class=\"thumbnail wp-caption aligncenter\" style=\"width: 447px\"><a href=\"http:\/\/www.flurkunst.de\/wp-content\/uploads\/2019\/08\/Noboribetsu.jpg\"><img loading=\"lazy\" class=\"wp-image-370\" src=\"http:\/\/www.flurkunst.de\/wp-content\/uploads\/2019\/08\/Noboribetsu-1024x683.jpg\" alt=\"\" width=\"437\" height=\"291\" srcset=\"http:\/\/www.flurkunst.de\/wp-content\/uploads\/2019\/08\/Noboribetsu-1024x683.jpg 1024w, http:\/\/www.flurkunst.de\/wp-content\/uploads\/2019\/08\/Noboribetsu-300x200.jpg 300w, http:\/\/www.flurkunst.de\/wp-content\/uploads\/2019\/08\/Noboribetsu-768x512.jpg 768w\" sizes=\"(max-width: 437px) 100vw, 437px\" \/><\/a><figcaption class=\"caption wp-caption-text\">Noboribetsu<\/figcaption><\/figure>\n","protected":false},"excerpt":{"rendered":"<p>Matthias Nentwich (Jahrgang 1977) ist Ingenieur. Am Fotografieren interessiert ihn besonders die technische Komponente. Brennweite, Belichtung, Sch\u00e4rfentiefe, Rauschen sind nur einige Stichworte, die f\u00fcr ihn dabei eine Rolle spielen.\u00a0 Ein besonderes Augenmerk legt Netwich auf die Nachbearbeitung. Hier kann er seine Stilkomponenten Licht, hohe Kontraste und HDR-Belichtungsreihen ausarbeiten. Die Ausstellung: Reisemomente Mai 2019 bis September [&hellip;]<\/p>\n","protected":false},"author":2,"featured_media":0,"parent":0,"menu_order":0,"comment_status":"closed","ping_status":"closed","template":"","meta":[],"_links":{"self":[{"href":"http:\/\/www.flurkunst.de\/index.php?rest_route=\/wp\/v2\/pages\/333"}],"collection":[{"href":"http:\/\/www.flurkunst.de\/index.php?rest_route=\/wp\/v2\/pages"}],"about":[{"href":"http:\/\/www.flurkunst.de\/index.php?rest_route=\/wp\/v2\/types\/page"}],"author":[{"embeddable":true,"href":"http:\/\/www.flurkunst.de\/index.php?rest_route=\/wp\/v2\/users\/2"}],"replies":[{"embeddable":true,"href":"http:\/\/www.flurkunst.de\/index.php?rest_route=%2Fwp%2Fv2%2Fcomments&post=333"}],"version-history":[{"count":24,"href":"http:\/\/www.flurkunst.de\/index.php?rest_route=\/wp\/v2\/pages\/333\/revisions"}],"predecessor-version":[{"id":421,"href":"http:\/\/www.flurkunst.de\/index.php?rest_route=\/wp\/v2\/pages\/333\/revisions\/421"}],"wp:attachment":[{"href":"http:\/\/www.flurkunst.de\/index.php?rest_route=%2Fwp%2Fv2%2Fmedia&parent=333"}],"curies":[{"name":"wp","href":"https:\/\/api.w.org\/{rel}","templated":true}]}}